{"id":4116,"date":"2015-02-23T11:00:07","date_gmt":"2015-02-23T11:00:07","guid":{"rendered":"https:\/\/www.tornosabogados.com\/?page_id=4116"},"modified":"2025-01-14T11:00:01","modified_gmt":"2025-01-14T10:00:01","slug":"uneix-te-a-nosaltres","status":"publish","type":"page","link":"https:\/\/www.tornosabogados.com\/ca\/uneix-te-a-nosaltres\/","title":{"rendered":"Uneix-te a nosaltres"},"content":{"rendered":"<p>Ens comprometem amb desenvolupar el talent dels professionals que integren Tornos Abogados, perqu\u00e8 la teva projecci\u00f3 ens fa evolucionar com a equip. T&#8217;oferim un entorn professional altament especialitzat i en constant evoluci\u00f3, obert a diverses disciplines del Dret.<\/p>\n<p>Prestem especial atenci\u00f3 a la teva iniciativa i proactivitat, a la teva visi\u00f3 estrat\u00e8gica i, especialment, a la teva capacitat de treballar en equip.<\/p>\n","protected":false},"excerpt":{"rendered":"<p>Ens comprometem amb desenvolupar el talent dels professionals que integren Tornos Abogados, perqu\u00e8 la teva projecci\u00f3 ens fa evolucionar com a equip. T&#8217;oferim un entorn professional altament especialitzat i en constant evoluci\u00f3, obert a diverses disciplines del Dret. Prestem especial atenci\u00f3 a la teva iniciativa i proactivitat, a la teva visi\u00f3 estrat\u00e8gica i, especialment, a [&hellip;]<\/p>\n","protected":false},"author":1,"featured_media":0,"parent":0,"menu_order":19,"comment_status":"open","ping_status":"closed","template":"maq_unete.php","meta":[],"yoast_head":"<!-- This site is optimized with the Yoast SEO plugin v20.10 - https:\/\/yoast.com\/wordpress\/plugins\/seo\/ -->\n<title>Uneix-te a nosaltres - Tornos<\/title>\n<meta name=\"robots\" content=\"index, follow, max-snippet:-1, max-image-preview:large, max-video-preview:-1\" \/>\n<link rel=\"canonical\" href=\"https:\/\/www.tornosabogados.com\/ca\/uneix-te-a-nosaltres\/\" \/>\n<meta property=\"og:locale\" content=\"ca_ES\" \/>\n<meta property=\"og:type\" content=\"article\" \/>\n<meta property=\"og:title\" content=\"Uneix-te a nosaltres - Tornos\" \/>\n<meta property=\"og:description\" content=\"Ens comprometem amb desenvolupar el talent dels professionals que integren Tornos Abogados, perqu\u00e8 la teva projecci\u00f3 ens fa evolucionar com a equip. T&#8217;oferim un entorn professional altament especialitzat i en constant evoluci\u00f3, obert a diverses disciplines del Dret. Prestem especial atenci\u00f3 a la teva iniciativa i proactivitat, a la teva visi\u00f3 estrat\u00e8gica i, especialment, a [&hellip;]\" \/>\n<meta property=\"og:url\" content=\"https:\/\/www.tornosabogados.com\/ca\/uneix-te-a-nosaltres\/\" \/>\n<meta property=\"og:site_name\" content=\"Tornos\" \/>\n<meta property=\"article:modified_time\" content=\"2025-01-14T10:00:01+00:00\" \/>\n<meta property=\"og:image\" content=\"https:\/\/www.tornosabogados.com\/wp-content\/uploads\/2020\/11\/tornos-1.png\" \/>\n\t<meta property=\"og:image:width\" content=\"451\" \/>\n\t<meta property=\"og:image:height\" content=\"194\" \/>\n\t<meta property=\"og:image:type\" content=\"image\/png\" \/>\n<meta name=\"twitter:card\" content=\"summary_large_image\" \/>\n<meta name=\"twitter:label1\" content=\"Est. reading time\" \/>\n\t<meta name=\"twitter:data1\" content=\"1 minute\" \/>\n<script type=\"application\/ld+json\" class=\"yoast-schema-graph\">{\"@context\":\"https:\/\/schema.org\",\"@graph\":[{\"@type\":\"WebPage\",\"@id\":\"https:\/\/www.tornosabogados.com\/ca\/uneix-te-a-nosaltres\/\",\"url\":\"https:\/\/www.tornosabogados.com\/ca\/uneix-te-a-nosaltres\/\",\"name\":\"Uneix-te a nosaltres - Tornos\",\"isPartOf\":{\"@id\":\"https:\/\/www.tornosabogados.com\/ca\/#website\"},\"datePublished\":\"2015-02-23T11:00:07+00:00\",\"dateModified\":\"2025-01-14T10:00:01+00:00\",\"breadcrumb\":{\"@id\":\"https:\/\/www.tornosabogados.com\/ca\/uneix-te-a-nosaltres\/#breadcrumb\"},\"inLanguage\":\"ca-ES\",\"potentialAction\":[{\"@type\":\"ReadAction\",\"target\":[\"https:\/\/www.tornosabogados.com\/ca\/uneix-te-a-nosaltres\/\"]}]},{\"@type\":\"BreadcrumbList\",\"@id\":\"https:\/\/www.tornosabogados.com\/ca\/uneix-te-a-nosaltres\/#breadcrumb\",\"itemListElement\":[{\"@type\":\"ListItem\",\"position\":1,\"name\":\"Portada\",\"item\":\"https:\/\/www.tornosabogados.com\/ca\/\"},{\"@type\":\"ListItem\",\"position\":2,\"name\":\"Uneix-te a nosaltres\"}]},{\"@type\":\"WebSite\",\"@id\":\"https:\/\/www.tornosabogados.com\/ca\/#website\",\"url\":\"https:\/\/www.tornosabogados.com\/ca\/\",\"name\":\"Tornos Abogados\",\"description\":\"Referentes en derecho administrativo\",\"publisher\":{\"@id\":\"https:\/\/www.tornosabogados.com\/ca\/#organization\"},\"potentialAction\":[{\"@type\":\"SearchAction\",\"target\":{\"@type\":\"EntryPoint\",\"urlTemplate\":\"https:\/\/www.tornosabogados.com\/ca\/?s={search_term_string}\"},\"query-input\":\"required name=search_term_string\"}],\"inLanguage\":\"ca-ES\"},{\"@type\":\"Organization\",\"@id\":\"https:\/\/www.tornosabogados.com\/ca\/#organization\",\"name\":\"Tornos Abogados\",\"url\":\"https:\/\/www.tornosabogados.com\/ca\/\",\"logo\":{\"@type\":\"ImageObject\",\"inLanguage\":\"ca-ES\",\"@id\":\"https:\/\/www.tornosabogados.com\/ca\/#\/schema\/logo\/image\/\",\"url\":\"https:\/\/www.tornosabogados.com\/wp-content\/uploads\/2020\/11\/tornos-1.png\",\"contentUrl\":\"https:\/\/www.tornosabogados.com\/wp-content\/uploads\/2020\/11\/tornos-1.png\",\"width\":451,\"height\":194,\"caption\":\"Tornos Abogados\"},\"image\":{\"@id\":\"https:\/\/www.tornosabogados.com\/ca\/#\/schema\/logo\/image\/\"}}]}<\/script>\n<!-- \/ Yoast SEO plugin. -->","yoast_head_json":{"title":"Uneix-te a nosaltres - Tornos","robots":{"index":"index","follow":"follow","max-snippet":"max-snippet:-1","max-image-preview":"max-image-preview:large","max-video-preview":"max-video-preview:-1"},"canonical":"https:\/\/www.tornosabogados.com\/ca\/uneix-te-a-nosaltres\/","og_locale":"ca_ES","og_type":"article","og_title":"Uneix-te a nosaltres - Tornos","og_description":"Ens comprometem amb desenvolupar el talent dels professionals que integren Tornos Abogados, perqu\u00e8 la teva projecci\u00f3 ens fa evolucionar com a equip. T&#8217;oferim un entorn professional altament especialitzat i en constant evoluci\u00f3, obert a diverses disciplines del Dret. Prestem especial atenci\u00f3 a la teva iniciativa i proactivitat, a la teva visi\u00f3 estrat\u00e8gica i, especialment, a [&hellip;]","og_url":"https:\/\/www.tornosabogados.com\/ca\/uneix-te-a-nosaltres\/","og_site_name":"Tornos","article_modified_time":"2025-01-14T10:00:01+00:00","og_image":[{"width":451,"height":194,"url":"https:\/\/www.tornosabogados.com\/wp-content\/uploads\/2020\/11\/tornos-1.png","type":"image\/png"}],"twitter_card":"summary_large_image","twitter_misc":{"Est. reading time":"1 minute"},"schema":{"@context":"https:\/\/schema.org","@graph":[{"@type":"WebPage","@id":"https:\/\/www.tornosabogados.com\/ca\/uneix-te-a-nosaltres\/","url":"https:\/\/www.tornosabogados.com\/ca\/uneix-te-a-nosaltres\/","name":"Uneix-te a nosaltres - Tornos","isPartOf":{"@id":"https:\/\/www.tornosabogados.com\/ca\/#website"},"datePublished":"2015-02-23T11:00:07+00:00","dateModified":"2025-01-14T10:00:01+00:00","breadcrumb":{"@id":"https:\/\/www.tornosabogados.com\/ca\/uneix-te-a-nosaltres\/#breadcrumb"},"inLanguage":"ca-ES","potentialAction":[{"@type":"ReadAction","target":["https:\/\/www.tornosabogados.com\/ca\/uneix-te-a-nosaltres\/"]}]},{"@type":"BreadcrumbList","@id":"https:\/\/www.tornosabogados.com\/ca\/uneix-te-a-nosaltres\/#breadcrumb","itemListElement":[{"@type":"ListItem","position":1,"name":"Portada","item":"https:\/\/www.tornosabogados.com\/ca\/"},{"@type":"ListItem","position":2,"name":"Uneix-te a nosaltres"}]},{"@type":"WebSite","@id":"https:\/\/www.tornosabogados.com\/ca\/#website","url":"https:\/\/www.tornosabogados.com\/ca\/","name":"Tornos Abogados","description":"Referentes en derecho administrativo","publisher":{"@id":"https:\/\/www.tornosabogados.com\/ca\/#organization"},"potentialAction":[{"@type":"SearchAction","target":{"@type":"EntryPoint","urlTemplate":"https:\/\/www.tornosabogados.com\/ca\/?s={search_term_string}"},"query-input":"required name=search_term_string"}],"inLanguage":"ca-ES"},{"@type":"Organization","@id":"https:\/\/www.tornosabogados.com\/ca\/#organization","name":"Tornos Abogados","url":"https:\/\/www.tornosabogados.com\/ca\/","logo":{"@type":"ImageObject","inLanguage":"ca-ES","@id":"https:\/\/www.tornosabogados.com\/ca\/#\/schema\/logo\/image\/","url":"https:\/\/www.tornosabogados.com\/wp-content\/uploads\/2020\/11\/tornos-1.png","contentUrl":"https:\/\/www.tornosabogados.com\/wp-content\/uploads\/2020\/11\/tornos-1.png","width":451,"height":194,"caption":"Tornos Abogados"},"image":{"@id":"https:\/\/www.tornosabogados.com\/ca\/#\/schema\/logo\/image\/"}}]}},"_links":{"self":[{"href":"https:\/\/www.tornosabogados.com\/ca\/wp-json\/wp\/v2\/pages\/4116"}],"collection":[{"href":"https:\/\/www.tornosabogados.com\/ca\/wp-json\/wp\/v2\/pages"}],"about":[{"href":"https:\/\/www.tornosabogados.com\/ca\/wp-json\/wp\/v2\/types\/page"}],"author":[{"embeddable":true,"href":"https:\/\/www.tornosabogados.com\/ca\/wp-json\/wp\/v2\/users\/1"}],"replies":[{"embeddable":true,"href":"https:\/\/www.tornosabogados.com\/ca\/wp-json\/wp\/v2\/comments?post=4116"}],"version-history":[{"count":2,"href":"https:\/\/www.tornosabogados.com\/ca\/wp-json\/wp\/v2\/pages\/4116\/revisions"}],"predecessor-version":[{"id":10072,"href":"https:\/\/www.tornosabogados.com\/ca\/wp-json\/wp\/v2\/pages\/4116\/revisions\/10072"}],"wp:attachment":[{"href":"https:\/\/www.tornosabogados.com\/ca\/wp-json\/wp\/v2\/media?parent=4116"}],"curies":[{"name":"wp","href":"https:\/\/api.w.org\/{rel}","templated":true}]}}