{"id":4123,"date":"2015-02-23T11:44:14","date_gmt":"2015-02-23T11:44:14","guid":{"rendered":"https:\/\/www.tornosabogados.com\/?page_id=4123"},"modified":"2015-02-23T13:46:37","modified_gmt":"2015-02-23T13:46:37","slug":"perfil-desitjat","status":"publish","type":"page","link":"https:\/\/www.tornosabogados.com\/ca\/perfil-desitjat\/","title":{"rendered":"Perfil desitjat"},"content":{"rendered":"<p>Busquem persones amb un acompliment excel\u00b7lent i responsable de la pr\u00e0ctica professional. Som exigents en els processos de selecci\u00f3, perqu\u00e8 sabem que reverteixen en un bon encaix en el dia a dia laboral.<\/p>\n<p>Els professionals amb recorregut en <em><strong>Tornos Abogados<\/strong><\/em> responen al seg\u00fcent perfil:<\/p>\n<ul>\n<li>Excel\u00b7lent expedient acad\u00e8mic en la carrera.<\/li>\n<li>M\u00e0ster o postgrau d&#8217;especialitzaci\u00f3.<\/li>\n<li>Flu\u00efdesa en castell\u00e0 i catal\u00e0, tant en comprensi\u00f3 oral com escrita.<\/li>\n<li>Valorable coneixement d&#8217;altres idiomes.<\/li>\n<li>Visi\u00f3 estrat\u00e8gica.<\/li>\n<li>Capacitat de comunicaci\u00f3 i relaci\u00f3 interpersonal.<\/li>\n<li>Efic\u00e0cia personal.<\/li>\n<li>Compet\u00e8ncia per treballar en equip.<\/li>\n<li>Comprom\u00eds amb el projecte professional de Tornos Abogados.<\/li>\n<\/ul>\n","protected":false},"excerpt":{"rendered":"<p>Busquem persones amb un acompliment excel\u00b7lent i responsable de la pr\u00e0ctica professional. Som exigents en els processos de selecci\u00f3, perqu\u00e8 sabem que reverteixen en un bon encaix en el dia a dia laboral. Els professionals amb recorregut en Tornos Abogados responen al seg\u00fcent perfil: Excel\u00b7lent expedient acad\u00e8mic en la carrera. M\u00e0ster o postgrau d&#8217;especialitzaci\u00f3. Flu\u00efdesa [&hellip;]<\/p>\n","protected":false},"author":1,"featured_media":4386,"parent":0,"menu_order":29,"comment_status":"open","ping_status":"closed","template":"pag_unete.php","meta":[],"yoast_head":"<!-- This site is optimized with the Yoast SEO plugin v20.10 - https:\/\/yoast.com\/wordpress\/plugins\/seo\/ -->\n<title>Perfil desitjat - Tornos<\/title>\n<meta name=\"robots\" content=\"index, follow, max-snippet:-1, max-image-preview:large, max-video-preview:-1\" \/>\n<link rel=\"canonical\" href=\"https:\/\/www.tornosabogados.com\/ca\/perfil-desitjat\/\" \/>\n<meta property=\"og:locale\" content=\"ca_ES\" \/>\n<meta property=\"og:type\" content=\"article\" \/>\n<meta property=\"og:title\" content=\"Perfil desitjat - Tornos\" \/>\n<meta property=\"og:description\" content=\"Busquem persones amb un acompliment excel\u00b7lent i responsable de la pr\u00e0ctica professional. Som exigents en els processos de selecci\u00f3, perqu\u00e8 sabem que reverteixen en un bon encaix en el dia a dia laboral. Els professionals amb recorregut en Tornos Abogados responen al seg\u00fcent perfil: Excel\u00b7lent expedient acad\u00e8mic en la carrera. M\u00e0ster o postgrau d&#8217;especialitzaci\u00f3. Flu\u00efdesa [&hellip;]\" \/>\n<meta property=\"og:url\" content=\"https:\/\/www.tornosabogados.com\/ca\/perfil-desitjat\/\" \/>\n<meta property=\"og:site_name\" content=\"Tornos\" \/>\n<meta property=\"article:modified_time\" content=\"2015-02-23T13:46:37+00:00\" \/>\n<meta property=\"og:image\" content=\"https:\/\/www.tornosabogados.com\/wp-content\/uploads\/2015\/01\/Fotolia_29478663_XS.jpg\" \/>\n\t<meta property=\"og:image:width\" content=\"361\" \/>\n\t<meta property=\"og:image:height\" content=\"332\" \/>\n\t<meta property=\"og:image:type\" content=\"image\/jpeg\" \/>\n<meta name=\"twitter:card\" content=\"summary_large_image\" \/>\n<meta name=\"twitter:label1\" content=\"Est. reading time\" \/>\n\t<meta name=\"twitter:data1\" content=\"1 minute\" \/>\n<script type=\"application\/ld+json\" class=\"yoast-schema-graph\">{\"@context\":\"https:\/\/schema.org\",\"@graph\":[{\"@type\":\"WebPage\",\"@id\":\"https:\/\/www.tornosabogados.com\/ca\/perfil-desitjat\/\",\"url\":\"https:\/\/www.tornosabogados.com\/ca\/perfil-desitjat\/\",\"name\":\"Perfil desitjat - Tornos\",\"isPartOf\":{\"@id\":\"https:\/\/www.tornosabogados.com\/ca\/#website\"},\"datePublished\":\"2015-02-23T11:44:14+00:00\",\"dateModified\":\"2015-02-23T13:46:37+00:00\",\"breadcrumb\":{\"@id\":\"https:\/\/www.tornosabogados.com\/ca\/perfil-desitjat\/#breadcrumb\"},\"inLanguage\":\"ca-ES\",\"potentialAction\":[{\"@type\":\"ReadAction\",\"target\":[\"https:\/\/www.tornosabogados.com\/ca\/perfil-desitjat\/\"]}]},{\"@type\":\"BreadcrumbList\",\"@id\":\"https:\/\/www.tornosabogados.com\/ca\/perfil-desitjat\/#breadcrumb\",\"itemListElement\":[{\"@type\":\"ListItem\",\"position\":1,\"name\":\"Portada\",\"item\":\"https:\/\/www.tornosabogados.com\/ca\/\"},{\"@type\":\"ListItem\",\"position\":2,\"name\":\"Perfil desitjat\"}]},{\"@type\":\"WebSite\",\"@id\":\"https:\/\/www.tornosabogados.com\/ca\/#website\",\"url\":\"https:\/\/www.tornosabogados.com\/ca\/\",\"name\":\"Tornos Abogados\",\"description\":\"Referentes en derecho administrativo\",\"publisher\":{\"@id\":\"https:\/\/www.tornosabogados.com\/ca\/#organization\"},\"potentialAction\":[{\"@type\":\"SearchAction\",\"target\":{\"@type\":\"EntryPoint\",\"urlTemplate\":\"https:\/\/www.tornosabogados.com\/ca\/?s={search_term_string}\"},\"query-input\":\"required name=search_term_string\"}],\"inLanguage\":\"ca-ES\"},{\"@type\":\"Organization\",\"@id\":\"https:\/\/www.tornosabogados.com\/ca\/#organization\",\"name\":\"Tornos Abogados\",\"url\":\"https:\/\/www.tornosabogados.com\/ca\/\",\"logo\":{\"@type\":\"ImageObject\",\"inLanguage\":\"ca-ES\",\"@id\":\"https:\/\/www.tornosabogados.com\/ca\/#\/schema\/logo\/image\/\",\"url\":\"https:\/\/www.tornosabogados.com\/wp-content\/uploads\/2020\/11\/tornos-1.png\",\"contentUrl\":\"https:\/\/www.tornosabogados.com\/wp-content\/uploads\/2020\/11\/tornos-1.png\",\"width\":451,\"height\":194,\"caption\":\"Tornos Abogados\"},\"image\":{\"@id\":\"https:\/\/www.tornosabogados.com\/ca\/#\/schema\/logo\/image\/\"}}]}<\/script>\n<!-- \/ Yoast SEO plugin. -->","yoast_head_json":{"title":"Perfil desitjat - Tornos","robots":{"index":"index","follow":"follow","max-snippet":"max-snippet:-1","max-image-preview":"max-image-preview:large","max-video-preview":"max-video-preview:-1"},"canonical":"https:\/\/www.tornosabogados.com\/ca\/perfil-desitjat\/","og_locale":"ca_ES","og_type":"article","og_title":"Perfil desitjat - Tornos","og_description":"Busquem persones amb un acompliment excel\u00b7lent i responsable de la pr\u00e0ctica professional. Som exigents en els processos de selecci\u00f3, perqu\u00e8 sabem que reverteixen en un bon encaix en el dia a dia laboral. Els professionals amb recorregut en Tornos Abogados responen al seg\u00fcent perfil: Excel\u00b7lent expedient acad\u00e8mic en la carrera. M\u00e0ster o postgrau d&#8217;especialitzaci\u00f3. Flu\u00efdesa [&hellip;]","og_url":"https:\/\/www.tornosabogados.com\/ca\/perfil-desitjat\/","og_site_name":"Tornos","article_modified_time":"2015-02-23T13:46:37+00:00","og_image":[{"width":361,"height":332,"url":"https:\/\/www.tornosabogados.com\/wp-content\/uploads\/2015\/01\/Fotolia_29478663_XS.jpg","type":"image\/jpeg"}],"twitter_card":"summary_large_image","twitter_misc":{"Est. reading time":"1 minute"},"schema":{"@context":"https:\/\/schema.org","@graph":[{"@type":"WebPage","@id":"https:\/\/www.tornosabogados.com\/ca\/perfil-desitjat\/","url":"https:\/\/www.tornosabogados.com\/ca\/perfil-desitjat\/","name":"Perfil desitjat - Tornos","isPartOf":{"@id":"https:\/\/www.tornosabogados.com\/ca\/#website"},"datePublished":"2015-02-23T11:44:14+00:00","dateModified":"2015-02-23T13:46:37+00:00","breadcrumb":{"@id":"https:\/\/www.tornosabogados.com\/ca\/perfil-desitjat\/#breadcrumb"},"inLanguage":"ca-ES","potentialAction":[{"@type":"ReadAction","target":["https:\/\/www.tornosabogados.com\/ca\/perfil-desitjat\/"]}]},{"@type":"BreadcrumbList","@id":"https:\/\/www.tornosabogados.com\/ca\/perfil-desitjat\/#breadcrumb","itemListElement":[{"@type":"ListItem","position":1,"name":"Portada","item":"https:\/\/www.tornosabogados.com\/ca\/"},{"@type":"ListItem","position":2,"name":"Perfil desitjat"}]},{"@type":"WebSite","@id":"https:\/\/www.tornosabogados.com\/ca\/#website","url":"https:\/\/www.tornosabogados.com\/ca\/","name":"Tornos Abogados","description":"Referentes en derecho administrativo","publisher":{"@id":"https:\/\/www.tornosabogados.com\/ca\/#organization"},"potentialAction":[{"@type":"SearchAction","target":{"@type":"EntryPoint","urlTemplate":"https:\/\/www.tornosabogados.com\/ca\/?s={search_term_string}"},"query-input":"required name=search_term_string"}],"inLanguage":"ca-ES"},{"@type":"Organization","@id":"https:\/\/www.tornosabogados.com\/ca\/#organization","name":"Tornos Abogados","url":"https:\/\/www.tornosabogados.com\/ca\/","logo":{"@type":"ImageObject","inLanguage":"ca-ES","@id":"https:\/\/www.tornosabogados.com\/ca\/#\/schema\/logo\/image\/","url":"https:\/\/www.tornosabogados.com\/wp-content\/uploads\/2020\/11\/tornos-1.png","contentUrl":"https:\/\/www.tornosabogados.com\/wp-content\/uploads\/2020\/11\/tornos-1.png","width":451,"height":194,"caption":"Tornos Abogados"},"image":{"@id":"https:\/\/www.tornosabogados.com\/ca\/#\/schema\/logo\/image\/"}}]}},"_links":{"self":[{"href":"https:\/\/www.tornosabogados.com\/ca\/wp-json\/wp\/v2\/pages\/4123"}],"collection":[{"href":"https:\/\/www.tornosabogados.com\/ca\/wp-json\/wp\/v2\/pages"}],"about":[{"href":"https:\/\/www.tornosabogados.com\/ca\/wp-json\/wp\/v2\/types\/page"}],"author":[{"embeddable":true,"href":"https:\/\/www.tornosabogados.com\/ca\/wp-json\/wp\/v2\/users\/1"}],"replies":[{"embeddable":true,"href":"https:\/\/www.tornosabogados.com\/ca\/wp-json\/wp\/v2\/comments?post=4123"}],"version-history":[{"count":4,"href":"https:\/\/www.tornosabogados.com\/ca\/wp-json\/wp\/v2\/pages\/4123\/revisions"}],"predecessor-version":[{"id":4127,"href":"https:\/\/www.tornosabogados.com\/ca\/wp-json\/wp\/v2\/pages\/4123\/revisions\/4127"}],"wp:featuredmedia":[{"embeddable":true,"href":"https:\/\/www.tornosabogados.com\/ca\/wp-json\/wp\/v2\/media\/4386"}],"wp:attachment":[{"href":"https:\/\/www.tornosabogados.com\/ca\/wp-json\/wp\/v2\/media?parent=4123"}],"curies":[{"name":"wp","href":"https:\/\/api.w.org\/{rel}","templated":true}]}}