{"id":4128,"date":"2015-01-30T14:49:14","date_gmt":"2015-01-30T14:49:14","guid":{"rendered":"https:\/\/www.tornosabogados.com\/?page_id=4128"},"modified":"2015-02-23T13:55:27","modified_gmt":"2015-02-23T13:55:27","slug":"plan-de-carrera","status":"publish","type":"page","link":"https:\/\/www.tornosabogados.com\/ca\/plan-de-carrera\/","title":{"rendered":"Pla de carrera"},"content":{"rendered":"<p>El pla de carrera que t&#8217;oferim \u00e9s un marc de refer\u00e8ncia perqu\u00e8 coneguis l&#8217;evoluci\u00f3 que pots tenir, com a jove advocat que comences en el nostre despatx. Creiem fermament que el desenvolupament de la teva carrera professional passa per un pla de formaci\u00f3 ajustat a les necessitats personals, la incorporaci\u00f3 en projectes reals amb una cartera atractiva de clients i una retribuci\u00f3 i compensaci\u00f3 en conseq\u00fc\u00e8ncia.<\/p>\n<p>El perfil del professional de Tornos Abogados t\u00e9 un fort component acad\u00e8mic, ja que impartim doc\u00e8ncia en diverses universitats, escoles de negoci i col\u00b7legis especialitzats nacionals i internacionals. Per aix\u00f2, cuidem especialment aquesta vessant de la teva evoluci\u00f3 en l&#8217;advocacia i t&#8217;acompanyem en el creixement t\u00e8cnic, en l&#8217;actualitzaci\u00f3 constant i en la transmissi\u00f3 dels nostres valors corporatius.<\/p>\n<p>La tutoria per part dels socis, la involucraci\u00f3 en el dia a dia del despatx i la participaci\u00f3 en projectes reals s&#8217;orienten a aconseguir la teva plena incorporaci\u00f3 professional.<\/p>\n","protected":false},"excerpt":{"rendered":"<p>El pla de carrera que t&#8217;oferim \u00e9s un marc de refer\u00e8ncia perqu\u00e8 coneguis l&#8217;evoluci\u00f3 que pots tenir, com a jove advocat que comences en el nostre despatx. Creiem fermament que el desenvolupament de la teva carrera professional passa per un pla de formaci\u00f3 ajustat a les necessitats personals, la incorporaci\u00f3 en projectes reals amb una [&hellip;]<\/p>\n","protected":false},"author":1,"featured_media":4388,"parent":0,"menu_order":24,"comment_status":"open","ping_status":"closed","template":"pag_unete.php","meta":[],"yoast_head":"<!-- This site is optimized with the Yoast SEO plugin v20.10 - https:\/\/yoast.com\/wordpress\/plugins\/seo\/ -->\n<title>Pla de carrera - Tornos<\/title>\n<meta name=\"robots\" content=\"index, follow, max-snippet:-1, max-image-preview:large, max-video-preview:-1\" \/>\n<link rel=\"canonical\" href=\"https:\/\/www.tornosabogados.com\/ca\/plan-de-carrera\/\" \/>\n<meta property=\"og:locale\" content=\"ca_ES\" \/>\n<meta property=\"og:type\" content=\"article\" \/>\n<meta property=\"og:title\" content=\"Pla de carrera - Tornos\" \/>\n<meta property=\"og:description\" content=\"El pla de carrera que t&#8217;oferim \u00e9s un marc de refer\u00e8ncia perqu\u00e8 coneguis l&#8217;evoluci\u00f3 que pots tenir, com a jove advocat que comences en el nostre despatx. Creiem fermament que el desenvolupament de la teva carrera professional passa per un pla de formaci\u00f3 ajustat a les necessitats personals, la incorporaci\u00f3 en projectes reals amb una [&hellip;]\" \/>\n<meta property=\"og:url\" content=\"https:\/\/www.tornosabogados.com\/ca\/plan-de-carrera\/\" \/>\n<meta property=\"og:site_name\" content=\"Tornos\" \/>\n<meta property=\"article:modified_time\" content=\"2015-02-23T13:55:27+00:00\" \/>\n<meta property=\"og:image\" content=\"https:\/\/www.tornosabogados.com\/wp-content\/uploads\/2015\/01\/Fotolia_75253397_XS1.jpg\" \/>\n\t<meta property=\"og:image:width\" content=\"409\" \/>\n\t<meta property=\"og:image:height\" content=\"293\" \/>\n\t<meta property=\"og:image:type\" content=\"image\/jpeg\" \/>\n<meta name=\"twitter:card\" content=\"summary_large_image\" \/>\n<meta name=\"twitter:label1\" content=\"Est. reading time\" \/>\n\t<meta name=\"twitter:data1\" content=\"1 minute\" \/>\n<script type=\"application\/ld+json\" class=\"yoast-schema-graph\">{\"@context\":\"https:\/\/schema.org\",\"@graph\":[{\"@type\":\"WebPage\",\"@id\":\"https:\/\/www.tornosabogados.com\/ca\/plan-de-carrera\/\",\"url\":\"https:\/\/www.tornosabogados.com\/ca\/plan-de-carrera\/\",\"name\":\"Pla de carrera - Tornos\",\"isPartOf\":{\"@id\":\"https:\/\/www.tornosabogados.com\/ca\/#website\"},\"datePublished\":\"2015-01-30T14:49:14+00:00\",\"dateModified\":\"2015-02-23T13:55:27+00:00\",\"breadcrumb\":{\"@id\":\"https:\/\/www.tornosabogados.com\/ca\/plan-de-carrera\/#breadcrumb\"},\"inLanguage\":\"ca-ES\",\"potentialAction\":[{\"@type\":\"ReadAction\",\"target\":[\"https:\/\/www.tornosabogados.com\/ca\/plan-de-carrera\/\"]}]},{\"@type\":\"BreadcrumbList\",\"@id\":\"https:\/\/www.tornosabogados.com\/ca\/plan-de-carrera\/#breadcrumb\",\"itemListElement\":[{\"@type\":\"ListItem\",\"position\":1,\"name\":\"Portada\",\"item\":\"https:\/\/www.tornosabogados.com\/ca\/\"},{\"@type\":\"ListItem\",\"position\":2,\"name\":\"Pla de carrera\"}]},{\"@type\":\"WebSite\",\"@id\":\"https:\/\/www.tornosabogados.com\/ca\/#website\",\"url\":\"https:\/\/www.tornosabogados.com\/ca\/\",\"name\":\"Tornos Abogados\",\"description\":\"Referentes en derecho administrativo\",\"publisher\":{\"@id\":\"https:\/\/www.tornosabogados.com\/ca\/#organization\"},\"potentialAction\":[{\"@type\":\"SearchAction\",\"target\":{\"@type\":\"EntryPoint\",\"urlTemplate\":\"https:\/\/www.tornosabogados.com\/ca\/?s={search_term_string}\"},\"query-input\":\"required name=search_term_string\"}],\"inLanguage\":\"ca-ES\"},{\"@type\":\"Organization\",\"@id\":\"https:\/\/www.tornosabogados.com\/ca\/#organization\",\"name\":\"Tornos Abogados\",\"url\":\"https:\/\/www.tornosabogados.com\/ca\/\",\"logo\":{\"@type\":\"ImageObject\",\"inLanguage\":\"ca-ES\",\"@id\":\"https:\/\/www.tornosabogados.com\/ca\/#\/schema\/logo\/image\/\",\"url\":\"https:\/\/www.tornosabogados.com\/wp-content\/uploads\/2020\/11\/tornos-1.png\",\"contentUrl\":\"https:\/\/www.tornosabogados.com\/wp-content\/uploads\/2020\/11\/tornos-1.png\",\"width\":451,\"height\":194,\"caption\":\"Tornos Abogados\"},\"image\":{\"@id\":\"https:\/\/www.tornosabogados.com\/ca\/#\/schema\/logo\/image\/\"}}]}<\/script>\n<!-- \/ Yoast SEO plugin. -->","yoast_head_json":{"title":"Pla de carrera - Tornos","robots":{"index":"index","follow":"follow","max-snippet":"max-snippet:-1","max-image-preview":"max-image-preview:large","max-video-preview":"max-video-preview:-1"},"canonical":"https:\/\/www.tornosabogados.com\/ca\/plan-de-carrera\/","og_locale":"ca_ES","og_type":"article","og_title":"Pla de carrera - Tornos","og_description":"El pla de carrera que t&#8217;oferim \u00e9s un marc de refer\u00e8ncia perqu\u00e8 coneguis l&#8217;evoluci\u00f3 que pots tenir, com a jove advocat que comences en el nostre despatx. Creiem fermament que el desenvolupament de la teva carrera professional passa per un pla de formaci\u00f3 ajustat a les necessitats personals, la incorporaci\u00f3 en projectes reals amb una [&hellip;]","og_url":"https:\/\/www.tornosabogados.com\/ca\/plan-de-carrera\/","og_site_name":"Tornos","article_modified_time":"2015-02-23T13:55:27+00:00","og_image":[{"width":409,"height":293,"url":"https:\/\/www.tornosabogados.com\/wp-content\/uploads\/2015\/01\/Fotolia_75253397_XS1.jpg","type":"image\/jpeg"}],"twitter_card":"summary_large_image","twitter_misc":{"Est. reading time":"1 minute"},"schema":{"@context":"https:\/\/schema.org","@graph":[{"@type":"WebPage","@id":"https:\/\/www.tornosabogados.com\/ca\/plan-de-carrera\/","url":"https:\/\/www.tornosabogados.com\/ca\/plan-de-carrera\/","name":"Pla de carrera - Tornos","isPartOf":{"@id":"https:\/\/www.tornosabogados.com\/ca\/#website"},"datePublished":"2015-01-30T14:49:14+00:00","dateModified":"2015-02-23T13:55:27+00:00","breadcrumb":{"@id":"https:\/\/www.tornosabogados.com\/ca\/plan-de-carrera\/#breadcrumb"},"inLanguage":"ca-ES","potentialAction":[{"@type":"ReadAction","target":["https:\/\/www.tornosabogados.com\/ca\/plan-de-carrera\/"]}]},{"@type":"BreadcrumbList","@id":"https:\/\/www.tornosabogados.com\/ca\/plan-de-carrera\/#breadcrumb","itemListElement":[{"@type":"ListItem","position":1,"name":"Portada","item":"https:\/\/www.tornosabogados.com\/ca\/"},{"@type":"ListItem","position":2,"name":"Pla de carrera"}]},{"@type":"WebSite","@id":"https:\/\/www.tornosabogados.com\/ca\/#website","url":"https:\/\/www.tornosabogados.com\/ca\/","name":"Tornos Abogados","description":"Referentes en derecho administrativo","publisher":{"@id":"https:\/\/www.tornosabogados.com\/ca\/#organization"},"potentialAction":[{"@type":"SearchAction","target":{"@type":"EntryPoint","urlTemplate":"https:\/\/www.tornosabogados.com\/ca\/?s={search_term_string}"},"query-input":"required name=search_term_string"}],"inLanguage":"ca-ES"},{"@type":"Organization","@id":"https:\/\/www.tornosabogados.com\/ca\/#organization","name":"Tornos Abogados","url":"https:\/\/www.tornosabogados.com\/ca\/","logo":{"@type":"ImageObject","inLanguage":"ca-ES","@id":"https:\/\/www.tornosabogados.com\/ca\/#\/schema\/logo\/image\/","url":"https:\/\/www.tornosabogados.com\/wp-content\/uploads\/2020\/11\/tornos-1.png","contentUrl":"https:\/\/www.tornosabogados.com\/wp-content\/uploads\/2020\/11\/tornos-1.png","width":451,"height":194,"caption":"Tornos Abogados"},"image":{"@id":"https:\/\/www.tornosabogados.com\/ca\/#\/schema\/logo\/image\/"}}]}},"_links":{"self":[{"href":"https:\/\/www.tornosabogados.com\/ca\/wp-json\/wp\/v2\/pages\/4128"}],"collection":[{"href":"https:\/\/www.tornosabogados.com\/ca\/wp-json\/wp\/v2\/pages"}],"about":[{"href":"https:\/\/www.tornosabogados.com\/ca\/wp-json\/wp\/v2\/types\/page"}],"author":[{"embeddable":true,"href":"https:\/\/www.tornosabogados.com\/ca\/wp-json\/wp\/v2\/users\/1"}],"replies":[{"embeddable":true,"href":"https:\/\/www.tornosabogados.com\/ca\/wp-json\/wp\/v2\/comments?post=4128"}],"version-history":[{"count":1,"href":"https:\/\/www.tornosabogados.com\/ca\/wp-json\/wp\/v2\/pages\/4128\/revisions"}],"predecessor-version":[{"id":4129,"href":"https:\/\/www.tornosabogados.com\/ca\/wp-json\/wp\/v2\/pages\/4128\/revisions\/4129"}],"wp:featuredmedia":[{"embeddable":true,"href":"https:\/\/www.tornosabogados.com\/ca\/wp-json\/wp\/v2\/media\/4388"}],"wp:attachment":[{"href":"https:\/\/www.tornosabogados.com\/ca\/wp-json\/wp\/v2\/media?parent=4128"}],"curies":[{"name":"wp","href":"https:\/\/api.w.org\/{rel}","templated":true}]}}