{"id":4146,"date":"2015-01-30T08:55:11","date_gmt":"2015-01-30T08:55:11","guid":{"rendered":"https:\/\/www.tornosabogados.com\/?page_id=4146"},"modified":"2015-02-23T14:04:14","modified_gmt":"2015-02-23T14:04:14","slug":"estudios-y-asistencia-tecnica","status":"publish","type":"page","link":"https:\/\/www.tornosabogados.com\/ca\/internacional\/estudios-y-asistencia-tecnica\/","title":{"rendered":"Estudis i assist\u00e8ncia t\u00e8cnica"},"content":{"rendered":"<p>Disposem d&#8217;un important coneixement i experi\u00e8ncia sobre com funcionen les administracions p\u00fabliques i el marc regulatori dels seus diferents \u00e0mbits d&#8217;activitat. Aix\u00f2 ens ha perm\u00e8s obrir l\u00ednies de col\u00b7laboraci\u00f3 amb organitzacions multilaterals i governs nacionals i locals d&#8217;Europa i Am\u00e8rica Llatina, aix\u00ed com amb institucions sense \u00e0nim de lucre, centres de investigaci\u00f3 i universitats. Ens involucrem en iniciatives dirigides a refor\u00e7ar les capacitats institucionals i operatives dels governs i a millorar la qualitat dels marcs normatius que regulen la seva intervenci\u00f3 i relaci\u00f3 amb la ciutadania.<\/p>\n<p>Col\u00b7laborem amb:<\/p>\n","protected":false},"excerpt":{"rendered":"<p>Disposem d&#8217;un important coneixement i experi\u00e8ncia sobre com funcionen les administracions p\u00fabliques i el marc regulatori dels seus diferents \u00e0mbits d&#8217;activitat. Aix\u00f2 ens ha perm\u00e8s obrir l\u00ednies de col\u00b7laboraci\u00f3 amb organitzacions multilaterals i governs nacionals i locals d&#8217;Europa i Am\u00e8rica Llatina, aix\u00ed com amb institucions sense \u00e0nim de lucre, centres de investigaci\u00f3 i universitats. Ens [&hellip;]<\/p>\n","protected":false},"author":1,"featured_media":4384,"parent":4141,"menu_order":42,"comment_status":"open","ping_status":"closed","template":"pag_internacional_estudios.php","meta":[],"yoast_head":"<!-- This site is optimized with the Yoast SEO plugin v20.10 - https:\/\/yoast.com\/wordpress\/plugins\/seo\/ -->\n<title>Estudis i assist\u00e8ncia t\u00e8cnica - Tornos<\/title>\n<meta name=\"robots\" content=\"index, follow, max-snippet:-1, max-image-preview:large, max-video-preview:-1\" \/>\n<link rel=\"canonical\" href=\"https:\/\/www.tornosabogados.com\/ca\/internacional\/estudios-y-asistencia-tecnica\/\" \/>\n<meta property=\"og:locale\" content=\"ca_ES\" \/>\n<meta property=\"og:type\" content=\"article\" \/>\n<meta property=\"og:title\" content=\"Estudis i assist\u00e8ncia t\u00e8cnica - Tornos\" \/>\n<meta property=\"og:description\" content=\"Disposem d&#8217;un important coneixement i experi\u00e8ncia sobre com funcionen les administracions p\u00fabliques i el marc regulatori dels seus diferents \u00e0mbits d&#8217;activitat. Aix\u00f2 ens ha perm\u00e8s obrir l\u00ednies de col\u00b7laboraci\u00f3 amb organitzacions multilaterals i governs nacionals i locals d&#8217;Europa i Am\u00e8rica Llatina, aix\u00ed com amb institucions sense \u00e0nim de lucre, centres de investigaci\u00f3 i universitats. Ens [&hellip;]\" \/>\n<meta property=\"og:url\" content=\"https:\/\/www.tornosabogados.com\/ca\/internacional\/estudios-y-asistencia-tecnica\/\" \/>\n<meta property=\"og:site_name\" content=\"Tornos\" \/>\n<meta property=\"article:modified_time\" content=\"2015-02-23T14:04:14+00:00\" \/>\n<meta property=\"og:image\" content=\"https:\/\/www.tornosabogados.com\/wp-content\/uploads\/2015\/01\/Fotolia_62312690_XS.jpg\" \/>\n\t<meta property=\"og:image:width\" content=\"425\" \/>\n\t<meta property=\"og:image:height\" content=\"283\" \/>\n\t<meta property=\"og:image:type\" content=\"image\/jpeg\" \/>\n<meta name=\"twitter:card\" content=\"summary_large_image\" \/>\n<script type=\"application\/ld+json\" class=\"yoast-schema-graph\">{\"@context\":\"https:\/\/schema.org\",\"@graph\":[{\"@type\":\"WebPage\",\"@id\":\"https:\/\/www.tornosabogados.com\/ca\/internacional\/estudios-y-asistencia-tecnica\/\",\"url\":\"https:\/\/www.tornosabogados.com\/ca\/internacional\/estudios-y-asistencia-tecnica\/\",\"name\":\"Estudis i assist\u00e8ncia t\u00e8cnica - Tornos\",\"isPartOf\":{\"@id\":\"https:\/\/www.tornosabogados.com\/ca\/#website\"},\"datePublished\":\"2015-01-30T08:55:11+00:00\",\"dateModified\":\"2015-02-23T14:04:14+00:00\",\"breadcrumb\":{\"@id\":\"https:\/\/www.tornosabogados.com\/ca\/internacional\/estudios-y-asistencia-tecnica\/#breadcrumb\"},\"inLanguage\":\"ca-ES\",\"potentialAction\":[{\"@type\":\"ReadAction\",\"target\":[\"https:\/\/www.tornosabogados.com\/ca\/internacional\/estudios-y-asistencia-tecnica\/\"]}]},{\"@type\":\"BreadcrumbList\",\"@id\":\"https:\/\/www.tornosabogados.com\/ca\/internacional\/estudios-y-asistencia-tecnica\/#breadcrumb\",\"itemListElement\":[{\"@type\":\"ListItem\",\"position\":1,\"name\":\"Portada\",\"item\":\"https:\/\/www.tornosabogados.com\/ca\/\"},{\"@type\":\"ListItem\",\"position\":2,\"name\":\"Internacional\",\"item\":\"https:\/\/www.tornosabogados.com\/ca\/internacional\/\"},{\"@type\":\"ListItem\",\"position\":3,\"name\":\"Estudis i assist\u00e8ncia t\u00e8cnica\"}]},{\"@type\":\"WebSite\",\"@id\":\"https:\/\/www.tornosabogados.com\/ca\/#website\",\"url\":\"https:\/\/www.tornosabogados.com\/ca\/\",\"name\":\"Tornos Abogados\",\"description\":\"Referentes en derecho administrativo\",\"publisher\":{\"@id\":\"https:\/\/www.tornosabogados.com\/ca\/#organization\"},\"potentialAction\":[{\"@type\":\"SearchAction\",\"target\":{\"@type\":\"EntryPoint\",\"urlTemplate\":\"https:\/\/www.tornosabogados.com\/ca\/?s={search_term_string}\"},\"query-input\":\"required name=search_term_string\"}],\"inLanguage\":\"ca-ES\"},{\"@type\":\"Organization\",\"@id\":\"https:\/\/www.tornosabogados.com\/ca\/#organization\",\"name\":\"Tornos Abogados\",\"url\":\"https:\/\/www.tornosabogados.com\/ca\/\",\"logo\":{\"@type\":\"ImageObject\",\"inLanguage\":\"ca-ES\",\"@id\":\"https:\/\/www.tornosabogados.com\/ca\/#\/schema\/logo\/image\/\",\"url\":\"https:\/\/www.tornosabogados.com\/wp-content\/uploads\/2020\/11\/tornos-1.png\",\"contentUrl\":\"https:\/\/www.tornosabogados.com\/wp-content\/uploads\/2020\/11\/tornos-1.png\",\"width\":451,\"height\":194,\"caption\":\"Tornos Abogados\"},\"image\":{\"@id\":\"https:\/\/www.tornosabogados.com\/ca\/#\/schema\/logo\/image\/\"}}]}<\/script>\n<!-- \/ Yoast SEO plugin. -->","yoast_head_json":{"title":"Estudis i assist\u00e8ncia t\u00e8cnica - Tornos","robots":{"index":"index","follow":"follow","max-snippet":"max-snippet:-1","max-image-preview":"max-image-preview:large","max-video-preview":"max-video-preview:-1"},"canonical":"https:\/\/www.tornosabogados.com\/ca\/internacional\/estudios-y-asistencia-tecnica\/","og_locale":"ca_ES","og_type":"article","og_title":"Estudis i assist\u00e8ncia t\u00e8cnica - Tornos","og_description":"Disposem d&#8217;un important coneixement i experi\u00e8ncia sobre com funcionen les administracions p\u00fabliques i el marc regulatori dels seus diferents \u00e0mbits d&#8217;activitat. Aix\u00f2 ens ha perm\u00e8s obrir l\u00ednies de col\u00b7laboraci\u00f3 amb organitzacions multilaterals i governs nacionals i locals d&#8217;Europa i Am\u00e8rica Llatina, aix\u00ed com amb institucions sense \u00e0nim de lucre, centres de investigaci\u00f3 i universitats. Ens [&hellip;]","og_url":"https:\/\/www.tornosabogados.com\/ca\/internacional\/estudios-y-asistencia-tecnica\/","og_site_name":"Tornos","article_modified_time":"2015-02-23T14:04:14+00:00","og_image":[{"width":425,"height":283,"url":"https:\/\/www.tornosabogados.com\/wp-content\/uploads\/2015\/01\/Fotolia_62312690_XS.jpg","type":"image\/jpeg"}],"twitter_card":"summary_large_image","schema":{"@context":"https:\/\/schema.org","@graph":[{"@type":"WebPage","@id":"https:\/\/www.tornosabogados.com\/ca\/internacional\/estudios-y-asistencia-tecnica\/","url":"https:\/\/www.tornosabogados.com\/ca\/internacional\/estudios-y-asistencia-tecnica\/","name":"Estudis i assist\u00e8ncia t\u00e8cnica - Tornos","isPartOf":{"@id":"https:\/\/www.tornosabogados.com\/ca\/#website"},"datePublished":"2015-01-30T08:55:11+00:00","dateModified":"2015-02-23T14:04:14+00:00","breadcrumb":{"@id":"https:\/\/www.tornosabogados.com\/ca\/internacional\/estudios-y-asistencia-tecnica\/#breadcrumb"},"inLanguage":"ca-ES","potentialAction":[{"@type":"ReadAction","target":["https:\/\/www.tornosabogados.com\/ca\/internacional\/estudios-y-asistencia-tecnica\/"]}]},{"@type":"BreadcrumbList","@id":"https:\/\/www.tornosabogados.com\/ca\/internacional\/estudios-y-asistencia-tecnica\/#breadcrumb","itemListElement":[{"@type":"ListItem","position":1,"name":"Portada","item":"https:\/\/www.tornosabogados.com\/ca\/"},{"@type":"ListItem","position":2,"name":"Internacional","item":"https:\/\/www.tornosabogados.com\/ca\/internacional\/"},{"@type":"ListItem","position":3,"name":"Estudis i assist\u00e8ncia t\u00e8cnica"}]},{"@type":"WebSite","@id":"https:\/\/www.tornosabogados.com\/ca\/#website","url":"https:\/\/www.tornosabogados.com\/ca\/","name":"Tornos Abogados","description":"Referentes en derecho administrativo","publisher":{"@id":"https:\/\/www.tornosabogados.com\/ca\/#organization"},"potentialAction":[{"@type":"SearchAction","target":{"@type":"EntryPoint","urlTemplate":"https:\/\/www.tornosabogados.com\/ca\/?s={search_term_string}"},"query-input":"required name=search_term_string"}],"inLanguage":"ca-ES"},{"@type":"Organization","@id":"https:\/\/www.tornosabogados.com\/ca\/#organization","name":"Tornos Abogados","url":"https:\/\/www.tornosabogados.com\/ca\/","logo":{"@type":"ImageObject","inLanguage":"ca-ES","@id":"https:\/\/www.tornosabogados.com\/ca\/#\/schema\/logo\/image\/","url":"https:\/\/www.tornosabogados.com\/wp-content\/uploads\/2020\/11\/tornos-1.png","contentUrl":"https:\/\/www.tornosabogados.com\/wp-content\/uploads\/2020\/11\/tornos-1.png","width":451,"height":194,"caption":"Tornos Abogados"},"image":{"@id":"https:\/\/www.tornosabogados.com\/ca\/#\/schema\/logo\/image\/"}}]}},"_links":{"self":[{"href":"https:\/\/www.tornosabogados.com\/ca\/wp-json\/wp\/v2\/pages\/4146"}],"collection":[{"href":"https:\/\/www.tornosabogados.com\/ca\/wp-json\/wp\/v2\/pages"}],"about":[{"href":"https:\/\/www.tornosabogados.com\/ca\/wp-json\/wp\/v2\/types\/page"}],"author":[{"embeddable":true,"href":"https:\/\/www.tornosabogados.com\/ca\/wp-json\/wp\/v2\/users\/1"}],"replies":[{"embeddable":true,"href":"https:\/\/www.tornosabogados.com\/ca\/wp-json\/wp\/v2\/comments?post=4146"}],"version-history":[{"count":1,"href":"https:\/\/www.tornosabogados.com\/ca\/wp-json\/wp\/v2\/pages\/4146\/revisions"}],"predecessor-version":[{"id":4147,"href":"https:\/\/www.tornosabogados.com\/ca\/wp-json\/wp\/v2\/pages\/4146\/revisions\/4147"}],"up":[{"embeddable":true,"href":"https:\/\/www.tornosabogados.com\/ca\/wp-json\/wp\/v2\/pages\/4141"}],"wp:featuredmedia":[{"embeddable":true,"href":"https:\/\/www.tornosabogados.com\/ca\/wp-json\/wp\/v2\/media\/4384"}],"wp:attachment":[{"href":"https:\/\/www.tornosabogados.com\/ca\/wp-json\/wp\/v2\/media?parent=4146"}],"curies":[{"name":"wp","href":"https:\/\/api.w.org\/{rel}","templated":true}]}}