{"id":4148,"date":"2015-01-30T11:13:30","date_gmt":"2015-01-30T11:13:30","guid":{"rendered":"https:\/\/www.tornosabogados.com\/?page_id=4148"},"modified":"2015-02-23T14:05:44","modified_gmt":"2015-02-23T14:05:44","slug":"alianzas-internacionales","status":"publish","type":"page","link":"https:\/\/www.tornosabogados.com\/ca\/internacional\/alianzas-internacionales\/","title":{"rendered":"Aliances internacionals"},"content":{"rendered":"<p>Formem part d&#8217;una xarxa de despatxos jur\u00eddics especialitzats en dret p\u00fablic, situats en diferents pa\u00efsos d&#8217;Am\u00e8rica Llatina i Europa. Gr\u00e0cies a aquesta col\u00b7laboraci\u00f3, oferim als nostres clients un suport legal de m\u00e0xim nivell en tots els aspectes referits a les seves relacions amb l&#8217;administraci\u00f3 p\u00fablica, aix\u00ed com amb el seguiment de tot tipus d&#8217;assumptes legals. L&#8217;acord que mantenim amb bufets\/despatxos legals estrangers ens permet proveir el contacte de proximitat habitual en el nostre despatx.<\/p>\n<p>Acords vigents:<\/p>\n","protected":false},"excerpt":{"rendered":"<p>Formem part d&#8217;una xarxa de despatxos jur\u00eddics especialitzats en dret p\u00fablic, situats en diferents pa\u00efsos d&#8217;Am\u00e8rica Llatina i Europa. Gr\u00e0cies a aquesta col\u00b7laboraci\u00f3, oferim als nostres clients un suport legal de m\u00e0xim nivell en tots els aspectes referits a les seves relacions amb l&#8217;administraci\u00f3 p\u00fablica, aix\u00ed com amb el seguiment de tot tipus d&#8217;assumptes legals. [&hellip;]<\/p>\n","protected":false},"author":1,"featured_media":4385,"parent":4141,"menu_order":38,"comment_status":"open","ping_status":"closed","template":"pag_internacional_alianzas.php","meta":[],"yoast_head":"<!-- This site is optimized with the Yoast SEO plugin v20.10 - https:\/\/yoast.com\/wordpress\/plugins\/seo\/ -->\n<title>Aliances internacionals - Tornos<\/title>\n<meta name=\"robots\" content=\"index, follow, max-snippet:-1, max-image-preview:large, max-video-preview:-1\" \/>\n<link rel=\"canonical\" href=\"https:\/\/www.tornosabogados.com\/ca\/internacional\/alianzas-internacionales\/\" \/>\n<meta property=\"og:locale\" content=\"ca_ES\" \/>\n<meta property=\"og:type\" content=\"article\" \/>\n<meta property=\"og:title\" content=\"Aliances internacionals - Tornos\" \/>\n<meta property=\"og:description\" content=\"Formem part d&#8217;una xarxa de despatxos jur\u00eddics especialitzats en dret p\u00fablic, situats en diferents pa\u00efsos d&#8217;Am\u00e8rica Llatina i Europa. Gr\u00e0cies a aquesta col\u00b7laboraci\u00f3, oferim als nostres clients un suport legal de m\u00e0xim nivell en tots els aspectes referits a les seves relacions amb l&#8217;administraci\u00f3 p\u00fablica, aix\u00ed com amb el seguiment de tot tipus d&#8217;assumptes legals. [&hellip;]\" \/>\n<meta property=\"og:url\" content=\"https:\/\/www.tornosabogados.com\/ca\/internacional\/alianzas-internacionales\/\" \/>\n<meta property=\"og:site_name\" content=\"Tornos\" \/>\n<meta property=\"article:modified_time\" content=\"2015-02-23T14:05:44+00:00\" \/>\n<meta property=\"og:image\" content=\"https:\/\/www.tornosabogados.com\/wp-content\/uploads\/2015\/01\/Fotolia_68132532_XS-e1424866671727.jpg\" \/>\n\t<meta property=\"og:image:width\" content=\"283\" \/>\n\t<meta property=\"og:image:height\" content=\"197\" \/>\n\t<meta property=\"og:image:type\" content=\"image\/jpeg\" \/>\n<meta name=\"twitter:card\" content=\"summary_large_image\" \/>\n<script type=\"application\/ld+json\" class=\"yoast-schema-graph\">{\"@context\":\"https:\/\/schema.org\",\"@graph\":[{\"@type\":\"WebPage\",\"@id\":\"https:\/\/www.tornosabogados.com\/ca\/internacional\/alianzas-internacionales\/\",\"url\":\"https:\/\/www.tornosabogados.com\/ca\/internacional\/alianzas-internacionales\/\",\"name\":\"Aliances internacionals - Tornos\",\"isPartOf\":{\"@id\":\"https:\/\/www.tornosabogados.com\/ca\/#website\"},\"datePublished\":\"2015-01-30T11:13:30+00:00\",\"dateModified\":\"2015-02-23T14:05:44+00:00\",\"breadcrumb\":{\"@id\":\"https:\/\/www.tornosabogados.com\/ca\/internacional\/alianzas-internacionales\/#breadcrumb\"},\"inLanguage\":\"ca-ES\",\"potentialAction\":[{\"@type\":\"ReadAction\",\"target\":[\"https:\/\/www.tornosabogados.com\/ca\/internacional\/alianzas-internacionales\/\"]}]},{\"@type\":\"BreadcrumbList\",\"@id\":\"https:\/\/www.tornosabogados.com\/ca\/internacional\/alianzas-internacionales\/#breadcrumb\",\"itemListElement\":[{\"@type\":\"ListItem\",\"position\":1,\"name\":\"Portada\",\"item\":\"https:\/\/www.tornosabogados.com\/ca\/\"},{\"@type\":\"ListItem\",\"position\":2,\"name\":\"Internacional\",\"item\":\"https:\/\/www.tornosabogados.com\/ca\/internacional\/\"},{\"@type\":\"ListItem\",\"position\":3,\"name\":\"Aliances internacionals\"}]},{\"@type\":\"WebSite\",\"@id\":\"https:\/\/www.tornosabogados.com\/ca\/#website\",\"url\":\"https:\/\/www.tornosabogados.com\/ca\/\",\"name\":\"Tornos Abogados\",\"description\":\"Referentes en derecho administrativo\",\"publisher\":{\"@id\":\"https:\/\/www.tornosabogados.com\/ca\/#organization\"},\"potentialAction\":[{\"@type\":\"SearchAction\",\"target\":{\"@type\":\"EntryPoint\",\"urlTemplate\":\"https:\/\/www.tornosabogados.com\/ca\/?s={search_term_string}\"},\"query-input\":\"required name=search_term_string\"}],\"inLanguage\":\"ca-ES\"},{\"@type\":\"Organization\",\"@id\":\"https:\/\/www.tornosabogados.com\/ca\/#organization\",\"name\":\"Tornos Abogados\",\"url\":\"https:\/\/www.tornosabogados.com\/ca\/\",\"logo\":{\"@type\":\"ImageObject\",\"inLanguage\":\"ca-ES\",\"@id\":\"https:\/\/www.tornosabogados.com\/ca\/#\/schema\/logo\/image\/\",\"url\":\"https:\/\/www.tornosabogados.com\/wp-content\/uploads\/2020\/11\/tornos-1.png\",\"contentUrl\":\"https:\/\/www.tornosabogados.com\/wp-content\/uploads\/2020\/11\/tornos-1.png\",\"width\":451,\"height\":194,\"caption\":\"Tornos Abogados\"},\"image\":{\"@id\":\"https:\/\/www.tornosabogados.com\/ca\/#\/schema\/logo\/image\/\"}}]}<\/script>\n<!-- \/ Yoast SEO plugin. -->","yoast_head_json":{"title":"Aliances internacionals - Tornos","robots":{"index":"index","follow":"follow","max-snippet":"max-snippet:-1","max-image-preview":"max-image-preview:large","max-video-preview":"max-video-preview:-1"},"canonical":"https:\/\/www.tornosabogados.com\/ca\/internacional\/alianzas-internacionales\/","og_locale":"ca_ES","og_type":"article","og_title":"Aliances internacionals - Tornos","og_description":"Formem part d&#8217;una xarxa de despatxos jur\u00eddics especialitzats en dret p\u00fablic, situats en diferents pa\u00efsos d&#8217;Am\u00e8rica Llatina i Europa. Gr\u00e0cies a aquesta col\u00b7laboraci\u00f3, oferim als nostres clients un suport legal de m\u00e0xim nivell en tots els aspectes referits a les seves relacions amb l&#8217;administraci\u00f3 p\u00fablica, aix\u00ed com amb el seguiment de tot tipus d&#8217;assumptes legals. [&hellip;]","og_url":"https:\/\/www.tornosabogados.com\/ca\/internacional\/alianzas-internacionales\/","og_site_name":"Tornos","article_modified_time":"2015-02-23T14:05:44+00:00","og_image":[{"width":283,"height":197,"url":"https:\/\/www.tornosabogados.com\/wp-content\/uploads\/2015\/01\/Fotolia_68132532_XS-e1424866671727.jpg","type":"image\/jpeg"}],"twitter_card":"summary_large_image","schema":{"@context":"https:\/\/schema.org","@graph":[{"@type":"WebPage","@id":"https:\/\/www.tornosabogados.com\/ca\/internacional\/alianzas-internacionales\/","url":"https:\/\/www.tornosabogados.com\/ca\/internacional\/alianzas-internacionales\/","name":"Aliances internacionals - Tornos","isPartOf":{"@id":"https:\/\/www.tornosabogados.com\/ca\/#website"},"datePublished":"2015-01-30T11:13:30+00:00","dateModified":"2015-02-23T14:05:44+00:00","breadcrumb":{"@id":"https:\/\/www.tornosabogados.com\/ca\/internacional\/alianzas-internacionales\/#breadcrumb"},"inLanguage":"ca-ES","potentialAction":[{"@type":"ReadAction","target":["https:\/\/www.tornosabogados.com\/ca\/internacional\/alianzas-internacionales\/"]}]},{"@type":"BreadcrumbList","@id":"https:\/\/www.tornosabogados.com\/ca\/internacional\/alianzas-internacionales\/#breadcrumb","itemListElement":[{"@type":"ListItem","position":1,"name":"Portada","item":"https:\/\/www.tornosabogados.com\/ca\/"},{"@type":"ListItem","position":2,"name":"Internacional","item":"https:\/\/www.tornosabogados.com\/ca\/internacional\/"},{"@type":"ListItem","position":3,"name":"Aliances internacionals"}]},{"@type":"WebSite","@id":"https:\/\/www.tornosabogados.com\/ca\/#website","url":"https:\/\/www.tornosabogados.com\/ca\/","name":"Tornos Abogados","description":"Referentes en derecho administrativo","publisher":{"@id":"https:\/\/www.tornosabogados.com\/ca\/#organization"},"potentialAction":[{"@type":"SearchAction","target":{"@type":"EntryPoint","urlTemplate":"https:\/\/www.tornosabogados.com\/ca\/?s={search_term_string}"},"query-input":"required name=search_term_string"}],"inLanguage":"ca-ES"},{"@type":"Organization","@id":"https:\/\/www.tornosabogados.com\/ca\/#organization","name":"Tornos Abogados","url":"https:\/\/www.tornosabogados.com\/ca\/","logo":{"@type":"ImageObject","inLanguage":"ca-ES","@id":"https:\/\/www.tornosabogados.com\/ca\/#\/schema\/logo\/image\/","url":"https:\/\/www.tornosabogados.com\/wp-content\/uploads\/2020\/11\/tornos-1.png","contentUrl":"https:\/\/www.tornosabogados.com\/wp-content\/uploads\/2020\/11\/tornos-1.png","width":451,"height":194,"caption":"Tornos Abogados"},"image":{"@id":"https:\/\/www.tornosabogados.com\/ca\/#\/schema\/logo\/image\/"}}]}},"_links":{"self":[{"href":"https:\/\/www.tornosabogados.com\/ca\/wp-json\/wp\/v2\/pages\/4148"}],"collection":[{"href":"https:\/\/www.tornosabogados.com\/ca\/wp-json\/wp\/v2\/pages"}],"about":[{"href":"https:\/\/www.tornosabogados.com\/ca\/wp-json\/wp\/v2\/types\/page"}],"author":[{"embeddable":true,"href":"https:\/\/www.tornosabogados.com\/ca\/wp-json\/wp\/v2\/users\/1"}],"replies":[{"embeddable":true,"href":"https:\/\/www.tornosabogados.com\/ca\/wp-json\/wp\/v2\/comments?post=4148"}],"version-history":[{"count":2,"href":"https:\/\/www.tornosabogados.com\/ca\/wp-json\/wp\/v2\/pages\/4148\/revisions"}],"predecessor-version":[{"id":4150,"href":"https:\/\/www.tornosabogados.com\/ca\/wp-json\/wp\/v2\/pages\/4148\/revisions\/4150"}],"up":[{"embeddable":true,"href":"https:\/\/www.tornosabogados.com\/ca\/wp-json\/wp\/v2\/pages\/4141"}],"wp:featuredmedia":[{"embeddable":true,"href":"https:\/\/www.tornosabogados.com\/ca\/wp-json\/wp\/v2\/media\/4385"}],"wp:attachment":[{"href":"https:\/\/www.tornosabogados.com\/ca\/wp-json\/wp\/v2\/media?parent=4148"}],"curies":[{"name":"wp","href":"https:\/\/api.w.org\/{rel}","templated":true}]}}