{"id":525,"date":"2011-09-30T15:52:29","date_gmt":"2011-09-30T15:52:29","guid":{"rendered":"https:\/\/www.tornosabogados.com\/?page_id=525"},"modified":"2023-07-04T09:05:35","modified_gmt":"2023-07-04T07:05:35","slug":"nota-legal-ca","status":"publish","type":"page","link":"https:\/\/www.tornosabogados.com\/ca\/nota-legal-ca\/","title":{"rendered":"Nota legal"},"content":{"rendered":"<p><strong>DADES REGISTRAL:<\/strong><\/p>\n<p>TORNOS ABOGADOS, S.L.P \u00e9s la societat titular i responsable del domini www.tornosabogados,com.<\/p>\n<p>La societat TORNOS ABOGADOS, S.L.P. figura inscrita al registre mercantil de Barcelona, al tom 85445, foli 118, fulla n\u00fam. b-268048, inscripci\u00f3 4 i amb CIF n\u00famero B-63149702, amb domicili social en el carrer muntaner 292, primer, segona, 08021 de Barcelona, i amb correu electr\u00f2nic info@tornosabogados.com.<\/p>\n<p>TORNOS ABOGADOS, S.L.P assessora als seus clients d&#8217;acord a les normes deontol\u00f2giques de l\u2019Il\u00b7lustre Col\u00b7legi d&#8217;Advocats de Barcelona.<\/p>\n<p><strong>OBJECTE I CONTINGUT DEL LLOC WEB:<\/strong><\/p>\n<p>El lloc web www.tornosabogados.com \u00e9s de car\u00e0cter estrictament informatiu, per donar a con\u00e8ixer les activitats, serveis i especialitats del despatx TORNOS ABOGADOS. La informaci\u00f3 que s\u2019hi publica, especialment les newsletter i butlletins, en cap cas constitueix un mitj\u00e0 d\u2019assessorament. La utilitzaci\u00f3 de la mateixa \u00e9s responsabilitat exclusiva de l\u2019usuari,<\/p>\n<p>TORNOS ABOGADOS, S.L.P no ser\u00e0 en cap cas responsable dels errors o omissions que puguin existir en la informaci\u00f3 publicada, ni de l\u2019\u00fas que es pugui fer de la mateixa.<\/p>\n<p>Els enlla\u00e7os o links d\u2019aquesta pagina web poden conduir a l\u2019usuari a altres websites gestionats per tercers. TORNOS ABOGADOS, S.L.P. no respon ni dels continguts, ni del estat de les esmentades pagines, i l\u2019acc\u00e9s a les mateixes a trav\u00e9s d\u2019aquesta pagina tampoc implica que TORNOS ABOGADOS, S.L.P. recomani o aprovi els seus continguts.<\/p>\n<p><strong>PROPIETAT INTEL\u00b7LECTUAL:<\/strong><\/p>\n<p>Queden reservats en favor de TORNOS ABOGADOS, S.L.P tots els drets sobre els continguts textuals i gr\u00e0fics tant de la p\u00e0gina web com dels continguts publicitats a la mateixa.<br \/>\nla present advert\u00e8ncia legal es regeix per la normativa estatal aplicable.<\/p>\n","protected":false},"excerpt":{"rendered":"<p>DADES REGISTRAL: TORNOS ABOGADOS, S.L.P \u00e9s la societat titular i responsable del domini www.tornosabogados,com. La societat TORNOS ABOGADOS, S.L.P. figura inscrita al registre mercantil de Barcelona, al tom 85445, foli 118, fulla n\u00fam. b-268048, inscripci\u00f3 4 i amb CIF n\u00famero B-63149702, amb domicili social en el carrer muntaner 292, primer, segona, 08021 de Barcelona, i [&hellip;]<\/p>\n","protected":false},"author":1,"featured_media":0,"parent":0,"menu_order":58,"comment_status":"open","ping_status":"closed","template":"","meta":[],"yoast_head":"<!-- This site is optimized with the Yoast SEO plugin v20.10 - https:\/\/yoast.com\/wordpress\/plugins\/seo\/ -->\n<title>Nota legal - Tornos<\/title>\n<meta name=\"robots\" content=\"index, follow, max-snippet:-1, max-image-preview:large, max-video-preview:-1\" \/>\n<link rel=\"canonical\" href=\"https:\/\/www.tornosabogados.com\/ca\/nota-legal-ca\/\" \/>\n<meta property=\"og:locale\" content=\"ca_ES\" \/>\n<meta property=\"og:type\" content=\"article\" \/>\n<meta property=\"og:title\" content=\"Nota legal - Tornos\" \/>\n<meta property=\"og:description\" content=\"DADES REGISTRAL: TORNOS ABOGADOS, S.L.P \u00e9s la societat titular i responsable del domini www.tornosabogados,com. La societat TORNOS ABOGADOS, S.L.P. figura inscrita al registre mercantil de Barcelona, al tom 85445, foli 118, fulla n\u00fam. b-268048, inscripci\u00f3 4 i amb CIF n\u00famero B-63149702, amb domicili social en el carrer muntaner 292, primer, segona, 08021 de Barcelona, i [&hellip;]\" \/>\n<meta property=\"og:url\" content=\"https:\/\/www.tornosabogados.com\/ca\/nota-legal-ca\/\" \/>\n<meta property=\"og:site_name\" content=\"Tornos\" \/>\n<meta property=\"article:modified_time\" content=\"2023-07-04T07:05:35+00:00\" \/>\n<meta property=\"og:image\" content=\"https:\/\/www.tornosabogados.com\/wp-content\/uploads\/2020\/11\/tornos-1.png\" \/>\n\t<meta property=\"og:image:width\" content=\"451\" \/>\n\t<meta property=\"og:image:height\" content=\"194\" \/>\n\t<meta property=\"og:image:type\" content=\"image\/png\" \/>\n<meta name=\"twitter:card\" content=\"summary_large_image\" \/>\n<meta name=\"twitter:label1\" content=\"Est. reading time\" \/>\n\t<meta name=\"twitter:data1\" content=\"2 minutes\" \/>\n<script type=\"application\/ld+json\" class=\"yoast-schema-graph\">{\"@context\":\"https:\/\/schema.org\",\"@graph\":[{\"@type\":\"WebPage\",\"@id\":\"https:\/\/www.tornosabogados.com\/ca\/nota-legal-ca\/\",\"url\":\"https:\/\/www.tornosabogados.com\/ca\/nota-legal-ca\/\",\"name\":\"Nota legal - Tornos\",\"isPartOf\":{\"@id\":\"https:\/\/www.tornosabogados.com\/ca\/#website\"},\"datePublished\":\"2011-09-30T15:52:29+00:00\",\"dateModified\":\"2023-07-04T07:05:35+00:00\",\"breadcrumb\":{\"@id\":\"https:\/\/www.tornosabogados.com\/ca\/nota-legal-ca\/#breadcrumb\"},\"inLanguage\":\"ca-ES\",\"potentialAction\":[{\"@type\":\"ReadAction\",\"target\":[\"https:\/\/www.tornosabogados.com\/ca\/nota-legal-ca\/\"]}]},{\"@type\":\"BreadcrumbList\",\"@id\":\"https:\/\/www.tornosabogados.com\/ca\/nota-legal-ca\/#breadcrumb\",\"itemListElement\":[{\"@type\":\"ListItem\",\"position\":1,\"name\":\"Portada\",\"item\":\"https:\/\/www.tornosabogados.com\/ca\/\"},{\"@type\":\"ListItem\",\"position\":2,\"name\":\"Nota legal\"}]},{\"@type\":\"WebSite\",\"@id\":\"https:\/\/www.tornosabogados.com\/ca\/#website\",\"url\":\"https:\/\/www.tornosabogados.com\/ca\/\",\"name\":\"Tornos Abogados\",\"description\":\"Referentes en derecho administrativo\",\"publisher\":{\"@id\":\"https:\/\/www.tornosabogados.com\/ca\/#organization\"},\"potentialAction\":[{\"@type\":\"SearchAction\",\"target\":{\"@type\":\"EntryPoint\",\"urlTemplate\":\"https:\/\/www.tornosabogados.com\/ca\/?s={search_term_string}\"},\"query-input\":\"required name=search_term_string\"}],\"inLanguage\":\"ca-ES\"},{\"@type\":\"Organization\",\"@id\":\"https:\/\/www.tornosabogados.com\/ca\/#organization\",\"name\":\"Tornos Abogados\",\"url\":\"https:\/\/www.tornosabogados.com\/ca\/\",\"logo\":{\"@type\":\"ImageObject\",\"inLanguage\":\"ca-ES\",\"@id\":\"https:\/\/www.tornosabogados.com\/ca\/#\/schema\/logo\/image\/\",\"url\":\"https:\/\/www.tornosabogados.com\/wp-content\/uploads\/2020\/11\/tornos-1.png\",\"contentUrl\":\"https:\/\/www.tornosabogados.com\/wp-content\/uploads\/2020\/11\/tornos-1.png\",\"width\":451,\"height\":194,\"caption\":\"Tornos Abogados\"},\"image\":{\"@id\":\"https:\/\/www.tornosabogados.com\/ca\/#\/schema\/logo\/image\/\"}}]}<\/script>\n<!-- \/ Yoast SEO plugin. -->","yoast_head_json":{"title":"Nota legal - Tornos","robots":{"index":"index","follow":"follow","max-snippet":"max-snippet:-1","max-image-preview":"max-image-preview:large","max-video-preview":"max-video-preview:-1"},"canonical":"https:\/\/www.tornosabogados.com\/ca\/nota-legal-ca\/","og_locale":"ca_ES","og_type":"article","og_title":"Nota legal - Tornos","og_description":"DADES REGISTRAL: TORNOS ABOGADOS, S.L.P \u00e9s la societat titular i responsable del domini www.tornosabogados,com. La societat TORNOS ABOGADOS, S.L.P. figura inscrita al registre mercantil de Barcelona, al tom 85445, foli 118, fulla n\u00fam. b-268048, inscripci\u00f3 4 i amb CIF n\u00famero B-63149702, amb domicili social en el carrer muntaner 292, primer, segona, 08021 de Barcelona, i [&hellip;]","og_url":"https:\/\/www.tornosabogados.com\/ca\/nota-legal-ca\/","og_site_name":"Tornos","article_modified_time":"2023-07-04T07:05:35+00:00","og_image":[{"width":451,"height":194,"url":"https:\/\/www.tornosabogados.com\/wp-content\/uploads\/2020\/11\/tornos-1.png","type":"image\/png"}],"twitter_card":"summary_large_image","twitter_misc":{"Est. reading time":"2 minutes"},"schema":{"@context":"https:\/\/schema.org","@graph":[{"@type":"WebPage","@id":"https:\/\/www.tornosabogados.com\/ca\/nota-legal-ca\/","url":"https:\/\/www.tornosabogados.com\/ca\/nota-legal-ca\/","name":"Nota legal - Tornos","isPartOf":{"@id":"https:\/\/www.tornosabogados.com\/ca\/#website"},"datePublished":"2011-09-30T15:52:29+00:00","dateModified":"2023-07-04T07:05:35+00:00","breadcrumb":{"@id":"https:\/\/www.tornosabogados.com\/ca\/nota-legal-ca\/#breadcrumb"},"inLanguage":"ca-ES","potentialAction":[{"@type":"ReadAction","target":["https:\/\/www.tornosabogados.com\/ca\/nota-legal-ca\/"]}]},{"@type":"BreadcrumbList","@id":"https:\/\/www.tornosabogados.com\/ca\/nota-legal-ca\/#breadcrumb","itemListElement":[{"@type":"ListItem","position":1,"name":"Portada","item":"https:\/\/www.tornosabogados.com\/ca\/"},{"@type":"ListItem","position":2,"name":"Nota legal"}]},{"@type":"WebSite","@id":"https:\/\/www.tornosabogados.com\/ca\/#website","url":"https:\/\/www.tornosabogados.com\/ca\/","name":"Tornos Abogados","description":"Referentes en derecho administrativo","publisher":{"@id":"https:\/\/www.tornosabogados.com\/ca\/#organization"},"potentialAction":[{"@type":"SearchAction","target":{"@type":"EntryPoint","urlTemplate":"https:\/\/www.tornosabogados.com\/ca\/?s={search_term_string}"},"query-input":"required name=search_term_string"}],"inLanguage":"ca-ES"},{"@type":"Organization","@id":"https:\/\/www.tornosabogados.com\/ca\/#organization","name":"Tornos Abogados","url":"https:\/\/www.tornosabogados.com\/ca\/","logo":{"@type":"ImageObject","inLanguage":"ca-ES","@id":"https:\/\/www.tornosabogados.com\/ca\/#\/schema\/logo\/image\/","url":"https:\/\/www.tornosabogados.com\/wp-content\/uploads\/2020\/11\/tornos-1.png","contentUrl":"https:\/\/www.tornosabogados.com\/wp-content\/uploads\/2020\/11\/tornos-1.png","width":451,"height":194,"caption":"Tornos Abogados"},"image":{"@id":"https:\/\/www.tornosabogados.com\/ca\/#\/schema\/logo\/image\/"}}]}},"_links":{"self":[{"href":"https:\/\/www.tornosabogados.com\/ca\/wp-json\/wp\/v2\/pages\/525"}],"collection":[{"href":"https:\/\/www.tornosabogados.com\/ca\/wp-json\/wp\/v2\/pages"}],"about":[{"href":"https:\/\/www.tornosabogados.com\/ca\/wp-json\/wp\/v2\/types\/page"}],"author":[{"embeddable":true,"href":"https:\/\/www.tornosabogados.com\/ca\/wp-json\/wp\/v2\/users\/1"}],"replies":[{"embeddable":true,"href":"https:\/\/www.tornosabogados.com\/ca\/wp-json\/wp\/v2\/comments?post=525"}],"version-history":[{"count":3,"href":"https:\/\/www.tornosabogados.com\/ca\/wp-json\/wp\/v2\/pages\/525\/revisions"}],"predecessor-version":[{"id":10048,"href":"https:\/\/www.tornosabogados.com\/ca\/wp-json\/wp\/v2\/pages\/525\/revisions\/10048"}],"wp:attachment":[{"href":"https:\/\/www.tornosabogados.com\/ca\/wp-json\/wp\/v2\/media?parent=525"}],"curies":[{"name":"wp","href":"https:\/\/api.w.org\/{rel}","templated":true}]}}